{"id":302,"date":"2025-06-18T14:56:55","date_gmt":"2025-06-18T14:56:55","guid":{"rendered":"https:\/\/academiarevigoradynamic.com.br\/?page_id=302"},"modified":"2025-06-26T21:20:09","modified_gmt":"2025-06-26T21:20:09","slug":"hidroginastica","status":"publish","type":"page","link":"https:\/\/academiarevigoradynamic.com.br\/index.php\/hidroginastica\/","title":{"rendered":"Hidroginastica"},"content":{"rendered":"\t\t<div data-elementor-type=\"wp-page\" data-elementor-id=\"302\" class=\"elementor elementor-302\">\n\t\t\t\t<div class=\"elementor-element elementor-element-fec2076 e-con-full elementor-hidden-mobile e-flex e-con e-parent\" data-id=\"fec2076\" data-element_type=\"container\" data-settings=\"{&quot;background_background&quot;:&quot;classic&quot;}\">\n\t\t\t\t<div class=\"elementor-element elementor-element-07ebf91 elementor-widget elementor-widget-spacer\" data-id=\"07ebf91\" data-element_type=\"widget\" data-widget_type=\"spacer.default\">\n\t\t\t\t<div class=\"elementor-widget-container\">\n\t\t\t\t\t\t\t<div class=\"elementor-spacer\">\n\t\t\t<div class=\"elementor-spacer-inner\"><\/div>\n\t\t<\/div>\n\t\t\t\t\t\t<\/div>\n\t\t\t\t<\/div>\n\t\t\t\t<div class=\"elementor-element elementor-element-6252113 elementor-widget elementor-widget-heading\" data-id=\"6252113\" data-element_type=\"widget\" data-widget_type=\"heading.default\">\n\t\t\t\t<div class=\"elementor-widget-container\">\n\t\t\t\t\t<h2 class=\"elementor-heading-title elementor-size-default\">Modalidades<\/h2>\t\t\t\t<\/div>\n\t\t\t\t<\/div>\n\t\t\t\t<div class=\"elementor-element elementor-element-0eaad8d elementor-widget elementor-widget-spacer\" data-id=\"0eaad8d\" data-element_type=\"widget\" data-widget_type=\"spacer.default\">\n\t\t\t\t<div class=\"elementor-widget-container\">\n\t\t\t\t\t\t\t<div class=\"elementor-spacer\">\n\t\t\t<div class=\"elementor-spacer-inner\"><\/div>\n\t\t<\/div>\n\t\t\t\t\t\t<\/div>\n\t\t\t\t<\/div>\n\t\t\t\t<\/div>\n\t\t<div class=\"elementor-element elementor-element-1754203 e-con-full elementor-hidden-desktop elementor-hidden-tablet e-flex e-con e-parent\" data-id=\"1754203\" data-element_type=\"container\" data-settings=\"{&quot;background_background&quot;:&quot;classic&quot;}\">\n\t\t\t\t<div class=\"elementor-element elementor-element-fa5e0a9 elementor-widget elementor-widget-spacer\" data-id=\"fa5e0a9\" data-element_type=\"widget\" data-widget_type=\"spacer.default\">\n\t\t\t\t<div class=\"elementor-widget-container\">\n\t\t\t\t\t\t\t<div class=\"elementor-spacer\">\n\t\t\t<div class=\"elementor-spacer-inner\"><\/div>\n\t\t<\/div>\n\t\t\t\t\t\t<\/div>\n\t\t\t\t<\/div>\n\t\t\t\t<div class=\"elementor-element elementor-element-49662b4 elementor-widget elementor-widget-heading\" data-id=\"49662b4\" data-element_type=\"widget\" data-widget_type=\"heading.default\">\n\t\t\t\t<div class=\"elementor-widget-container\">\n\t\t\t\t\t<h2 class=\"elementor-heading-title elementor-size-default\">Modalidades<\/h2>\t\t\t\t<\/div>\n\t\t\t\t<\/div>\n\t\t\t\t<div class=\"elementor-element elementor-element-90ca3a4 elementor-widget elementor-widget-spacer\" data-id=\"90ca3a4\" data-element_type=\"widget\" data-widget_type=\"spacer.default\">\n\t\t\t\t<div class=\"elementor-widget-container\">\n\t\t\t\t\t\t\t<div class=\"elementor-spacer\">\n\t\t\t<div class=\"elementor-spacer-inner\"><\/div>\n\t\t<\/div>\n\t\t\t\t\t\t<\/div>\n\t\t\t\t<\/div>\n\t\t\t\t<\/div>\n\t\t<div class=\"elementor-element elementor-element-bc07ca5 e-flex e-con-boxed e-con e-parent\" data-id=\"bc07ca5\" data-element_type=\"container\" data-settings=\"{&quot;background_background&quot;:&quot;classic&quot;}\">\n\t\t\t\t\t<div class=\"e-con-inner\">\n\t\t<div class=\"elementor-element elementor-element-f4371c0 e-con-full e-flex e-con e-child\" data-id=\"f4371c0\" data-element_type=\"container\">\n\t\t\t\t<div class=\"elementor-element elementor-element-eed3074 elementor-widget elementor-widget-spacer\" data-id=\"eed3074\" data-element_type=\"widget\" data-widget_type=\"spacer.default\">\n\t\t\t\t<div class=\"elementor-widget-container\">\n\t\t\t\t\t\t\t<div class=\"elementor-spacer\">\n\t\t\t<div class=\"elementor-spacer-inner\"><\/div>\n\t\t<\/div>\n\t\t\t\t\t\t<\/div>\n\t\t\t\t<\/div>\n\t\t\t\t<div class=\"elementor-element elementor-element-a6a5bd7 elementor-widget elementor-widget-heading\" data-id=\"a6a5bd7\" data-element_type=\"widget\" data-widget_type=\"heading.default\">\n\t\t\t\t<div class=\"elementor-widget-container\">\n\t\t\t\t\t<h2 class=\"elementor-heading-title elementor-size-default\">Hidrogin\u00e1stica<\/h2>\t\t\t\t<\/div>\n\t\t\t\t<\/div>\n\t\t\t\t<div class=\"elementor-element elementor-element-58bfbe2 elementor-widget elementor-widget-text-editor\" data-id=\"58bfbe2\" data-element_type=\"widget\" data-widget_type=\"text-editor.default\">\n\t\t\t\t<div class=\"elementor-widget-container\">\n\t\t\t\t\t\t\t\t\t<p data-start=\"60\" data-end=\"337\"><strong data-start=\"60\" data-end=\"129\">Movimente-se com leveza, energia e prote\u00e7\u00e3o para as articula\u00e7\u00f5es.<\/strong><br data-start=\"129\" data-end=\"132\" \/>A Hidrogin\u00e1stica \u00e9 uma atividade aer\u00f3bica realizada na piscina, ideal para quem busca condicionamento f\u00edsico com baixo impacto. As aulas acontecem em grupo, com m\u00fasica, dinamismo e orienta\u00e7\u00e3o profissional.<\/p><p data-start=\"339\" data-end=\"515\">Mais do que um exerc\u00edcio, \u00e9 uma forma divertida e segura de cuidar do corpo. A cada aula, voc\u00ea sente mais disposi\u00e7\u00e3o, melhora o humor e fortalece sua sa\u00fade de maneira completa.<\/p><p data-start=\"517\" data-end=\"622\"><strong data-start=\"517\" data-end=\"547\">Exerc\u00edcio seguro e eficaz:<\/strong><br data-start=\"547\" data-end=\"550\" \/>Fortalece m\u00fasculos, melhora o condicionamento e protege as articula\u00e7\u00f5es.<\/p><p data-start=\"624\" data-end=\"745\"><strong data-start=\"624\" data-end=\"665\">Estimula a circula\u00e7\u00e3o e o equil\u00edbrio:<\/strong><br data-start=\"665\" data-end=\"668\" \/>A \u00e1gua favorece o retorno venoso e contribui para mais estabilidade corporal.<\/p><p data-start=\"747\" data-end=\"861\"><strong data-start=\"747\" data-end=\"782\">Mais leveza e bem-estar di\u00e1rio:<\/strong><br data-start=\"782\" data-end=\"785\" \/>Reduz o estresse, alivia dores musculares e promove sensa\u00e7\u00e3o de relaxamento.<\/p>\t\t\t\t\t\t\t\t<\/div>\n\t\t\t\t<\/div>\n\t\t\t\t<div class=\"elementor-element elementor-element-5fdf8c2 elementor-widget elementor-widget-heading\" data-id=\"5fdf8c2\" data-element_type=\"widget\" data-widget_type=\"heading.default\">\n\t\t\t\t<div class=\"elementor-widget-container\">\n\t\t\t\t\t<h2 class=\"elementor-heading-title elementor-size-default\">Sua melhor vers\u00e3o est\u00e1 aqui!<\/h2>\t\t\t\t<\/div>\n\t\t\t\t<\/div>\n\t\t\t\t<\/div>\n\t\t<div class=\"elementor-element elementor-element-98e5760 e-con-full e-flex e-con e-child\" data-id=\"98e5760\" data-element_type=\"container\">\n\t\t\t\t<div class=\"elementor-element elementor-element-7d23684 elementor-widget elementor-widget-image\" data-id=\"7d23684\" data-element_type=\"widget\" data-widget_type=\"image.default\">\n\t\t\t\t<div class=\"elementor-widget-container\">\n\t\t\t\t\t\t\t\t\t\t\t\t\t\t\t\t<a href=\"#freepass\">\n\t\t\t\t\t\t\t<img fetchpriority=\"high\" decoding=\"async\" width=\"494\" height=\"600\" src=\"https:\/\/academiarevigoradynamic.com.br\/wp-content\/uploads\/2025\/06\/Hidroginastica-1.png\" class=\"attachment-full size-full wp-image-137\" alt=\"\" srcset=\"https:\/\/academiarevigoradynamic.com.br\/wp-content\/uploads\/2025\/06\/Hidroginastica-1.png 494w, https:\/\/academiarevigoradynamic.com.br\/wp-content\/uploads\/2025\/06\/Hidroginastica-1-247x300.png 247w\" sizes=\"(max-width: 494px) 100vw, 494px\" \/>\t\t\t\t\t\t\t\t<\/a>\n\t\t\t\t\t\t\t\t\t\t\t\t\t\t\t<\/div>\n\t\t\t\t<\/div>\n\t\t\t\t<\/div>\n\t\t\t\t\t<\/div>\n\t\t\t\t<\/div>\n\t\t<div class=\"elementor-element elementor-element-269f59a e-flex e-con-boxed e-con e-parent\" data-id=\"269f59a\" data-element_type=\"container\" data-settings=\"{&quot;background_background&quot;:&quot;classic&quot;}\">\n\t\t\t\t\t<div class=\"e-con-inner\">\n\t\t\t\t<div class=\"elementor-element elementor-element-3e0d6d6 elementor-widget elementor-widget-menu-anchor\" data-id=\"3e0d6d6\" data-element_type=\"widget\" data-widget_type=\"menu-anchor.default\">\n\t\t\t\t<div class=\"elementor-widget-container\">\n\t\t\t\t\t\t\t<div class=\"elementor-menu-anchor\" id=\"freepass\"><\/div>\n\t\t\t\t\t\t<\/div>\n\t\t\t\t<\/div>\n\t\t\t\t<div class=\"elementor-element elementor-element-9a79be0 elementor-widget elementor-widget-html\" data-id=\"9a79be0\" data-element_type=\"widget\" data-widget_type=\"html.default\">\n\t\t\t\t<div class=\"elementor-widget-container\">\n\t\t\t\t\t<iframe\n    src=\"https:\/\/api.leadconnectorhq.com\/widget\/form\/cSgleraDadqmqyeD9VdM\"\n    style=\"width:100%;height:100%;border:none;border-radius:4px\"\n    id=\"inline-cSgleraDadqmqyeD9VdM\" \n    data-layout=\"{'id':'INLINE'}\"\n    data-trigger-type=\"alwaysShow\"\n    data-trigger-value=\"\"\n    data-activation-type=\"alwaysActivated\"\n    data-activation-value=\"\"\n    data-deactivation-type=\"neverDeactivate\"\n    data-deactivation-value=\"\"\n    data-form-name=\"Formul\u00e1rio (Site) Revigora Dynamic\"\n    data-height=\"811\"\n    data-layout-iframe-id=\"inline-cSgleraDadqmqyeD9VdM\"\n    data-form-id=\"cSgleraDadqmqyeD9VdM\"\n    title=\"Formul\u00e1rio (Site) Revigora Dynamic\"\n        >\n<\/iframe>\n<script src=\"https:\/\/link.msgsndr.com\/js\/form_embed.js\"><\/script>\t\t\t\t<\/div>\n\t\t\t\t<\/div>\n\t\t\t\t\t<\/div>\n\t\t\t\t<\/div>\n\t\t<div class=\"elementor-element elementor-element-7c362e5 e-con-full e-flex e-con e-parent\" data-id=\"7c362e5\" data-element_type=\"container\" data-settings=\"{&quot;background_background&quot;:&quot;classic&quot;}\">\n\t\t\t\t<div class=\"elementor-element elementor-element-f5a86cb gallery-spacing-custom elementor-widget__width-inherit elementor-widget elementor-widget-image-gallery\" data-id=\"f5a86cb\" data-element_type=\"widget\" data-widget_type=\"image-gallery.default\">\n\t\t\t\t<div class=\"elementor-widget-container\">\n\t\t\t\t\t\t\t<div class=\"elementor-image-gallery\">\n\t\t\t<div id='gallery-1' class='gallery galleryid-302 gallery-columns-3 gallery-size-full'><figure class='gallery-item'>\n\t\t\t<div class='gallery-icon landscape'>\n\t\t\t\t<a data-elementor-open-lightbox=\"yes\" data-elementor-lightbox-slideshow=\"f5a86cb\" data-elementor-lightbox-title=\"01\" data-e-action-hash=\"#elementor-action%3Aaction%3Dlightbox%26settings%3DeyJpZCI6MTYzLCJ1cmwiOiJodHRwczpcL1wvYWNhZGVtaWFyZXZpZ29yYWR5bmFtaWMuY29tLmJyXC93cC1jb250ZW50XC91cGxvYWRzXC8yMDI1XC8wNlwvMDEuanBnIiwic2xpZGVzaG93IjoiZjVhODZjYiJ9\" href='https:\/\/academiarevigoradynamic.com.br\/wp-content\/uploads\/2025\/06\/01.jpg'><img decoding=\"async\" width=\"1200\" height=\"800\" src=\"https:\/\/academiarevigoradynamic.com.br\/wp-content\/uploads\/2025\/06\/01.jpg\" class=\"attachment-full size-full\" alt=\"\" srcset=\"https:\/\/academiarevigoradynamic.com.br\/wp-content\/uploads\/2025\/06\/01.jpg 1200w, https:\/\/academiarevigoradynamic.com.br\/wp-content\/uploads\/2025\/06\/01-300x200.jpg 300w, https:\/\/academiarevigoradynamic.com.br\/wp-content\/uploads\/2025\/06\/01-1024x683.jpg 1024w, https:\/\/academiarevigoradynamic.com.br\/wp-content\/uploads\/2025\/06\/01-768x512.jpg 768w\" sizes=\"(max-width: 1200px) 100vw, 1200px\" \/><\/a>\n\t\t\t<\/div><\/figure><figure class='gallery-item'>\n\t\t\t<div class='gallery-icon landscape'>\n\t\t\t\t<a data-elementor-open-lightbox=\"yes\" data-elementor-lightbox-slideshow=\"f5a86cb\" data-elementor-lightbox-title=\"02\" data-e-action-hash=\"#elementor-action%3Aaction%3Dlightbox%26settings%3DeyJpZCI6MTY0LCJ1cmwiOiJodHRwczpcL1wvYWNhZGVtaWFyZXZpZ29yYWR5bmFtaWMuY29tLmJyXC93cC1jb250ZW50XC91cGxvYWRzXC8yMDI1XC8wNlwvMDIuanBnIiwic2xpZGVzaG93IjoiZjVhODZjYiJ9\" href='https:\/\/academiarevigoradynamic.com.br\/wp-content\/uploads\/2025\/06\/02.jpg'><img decoding=\"async\" width=\"1200\" height=\"800\" src=\"https:\/\/academiarevigoradynamic.com.br\/wp-content\/uploads\/2025\/06\/02.jpg\" class=\"attachment-full size-full\" alt=\"\" srcset=\"https:\/\/academiarevigoradynamic.com.br\/wp-content\/uploads\/2025\/06\/02.jpg 1200w, https:\/\/academiarevigoradynamic.com.br\/wp-content\/uploads\/2025\/06\/02-300x200.jpg 300w, https:\/\/academiarevigoradynamic.com.br\/wp-content\/uploads\/2025\/06\/02-1024x683.jpg 1024w, https:\/\/academiarevigoradynamic.com.br\/wp-content\/uploads\/2025\/06\/02-768x512.jpg 768w\" sizes=\"(max-width: 1200px) 100vw, 1200px\" \/><\/a>\n\t\t\t<\/div><\/figure><figure class='gallery-item'>\n\t\t\t<div class='gallery-icon landscape'>\n\t\t\t\t<a data-elementor-open-lightbox=\"yes\" data-elementor-lightbox-slideshow=\"f5a86cb\" data-elementor-lightbox-title=\"03\" data-e-action-hash=\"#elementor-action%3Aaction%3Dlightbox%26settings%3DeyJpZCI6MTY1LCJ1cmwiOiJodHRwczpcL1wvYWNhZGVtaWFyZXZpZ29yYWR5bmFtaWMuY29tLmJyXC93cC1jb250ZW50XC91cGxvYWRzXC8yMDI1XC8wNlwvMDMuanBnIiwic2xpZGVzaG93IjoiZjVhODZjYiJ9\" href='https:\/\/academiarevigoradynamic.com.br\/wp-content\/uploads\/2025\/06\/03.jpg'><img loading=\"lazy\" decoding=\"async\" width=\"1200\" height=\"800\" src=\"https:\/\/academiarevigoradynamic.com.br\/wp-content\/uploads\/2025\/06\/03.jpg\" class=\"attachment-full size-full\" alt=\"\" srcset=\"https:\/\/academiarevigoradynamic.com.br\/wp-content\/uploads\/2025\/06\/03.jpg 1200w, https:\/\/academiarevigoradynamic.com.br\/wp-content\/uploads\/2025\/06\/03-300x200.jpg 300w, https:\/\/academiarevigoradynamic.com.br\/wp-content\/uploads\/2025\/06\/03-1024x683.jpg 1024w, https:\/\/academiarevigoradynamic.com.br\/wp-content\/uploads\/2025\/06\/03-768x512.jpg 768w\" sizes=\"(max-width: 1200px) 100vw, 1200px\" \/><\/a>\n\t\t\t<\/div><\/figure><figure class='gallery-item'>\n\t\t\t<div class='gallery-icon landscape'>\n\t\t\t\t<a data-elementor-open-lightbox=\"yes\" data-elementor-lightbox-slideshow=\"f5a86cb\" data-elementor-lightbox-title=\"04\" data-e-action-hash=\"#elementor-action%3Aaction%3Dlightbox%26settings%3DeyJpZCI6MTY2LCJ1cmwiOiJodHRwczpcL1wvYWNhZGVtaWFyZXZpZ29yYWR5bmFtaWMuY29tLmJyXC93cC1jb250ZW50XC91cGxvYWRzXC8yMDI1XC8wNlwvMDQuanBnIiwic2xpZGVzaG93IjoiZjVhODZjYiJ9\" href='https:\/\/academiarevigoradynamic.com.br\/wp-content\/uploads\/2025\/06\/04.jpg'><img loading=\"lazy\" decoding=\"async\" width=\"1200\" height=\"800\" src=\"https:\/\/academiarevigoradynamic.com.br\/wp-content\/uploads\/2025\/06\/04.jpg\" class=\"attachment-full size-full\" alt=\"\" srcset=\"https:\/\/academiarevigoradynamic.com.br\/wp-content\/uploads\/2025\/06\/04.jpg 1200w, https:\/\/academiarevigoradynamic.com.br\/wp-content\/uploads\/2025\/06\/04-300x200.jpg 300w, https:\/\/academiarevigoradynamic.com.br\/wp-content\/uploads\/2025\/06\/04-1024x683.jpg 1024w, https:\/\/academiarevigoradynamic.com.br\/wp-content\/uploads\/2025\/06\/04-768x512.jpg 768w\" sizes=\"(max-width: 1200px) 100vw, 1200px\" \/><\/a>\n\t\t\t<\/div><\/figure><figure class='gallery-item'>\n\t\t\t<div class='gallery-icon landscape'>\n\t\t\t\t<a data-elementor-open-lightbox=\"yes\" data-elementor-lightbox-slideshow=\"f5a86cb\" data-elementor-lightbox-title=\"05\" data-e-action-hash=\"#elementor-action%3Aaction%3Dlightbox%26settings%3DeyJpZCI6MTY3LCJ1cmwiOiJodHRwczpcL1wvYWNhZGVtaWFyZXZpZ29yYWR5bmFtaWMuY29tLmJyXC93cC1jb250ZW50XC91cGxvYWRzXC8yMDI1XC8wNlwvMDUuanBnIiwic2xpZGVzaG93IjoiZjVhODZjYiJ9\" href='https:\/\/academiarevigoradynamic.com.br\/wp-content\/uploads\/2025\/06\/05.jpg'><img loading=\"lazy\" decoding=\"async\" width=\"1200\" height=\"800\" src=\"https:\/\/academiarevigoradynamic.com.br\/wp-content\/uploads\/2025\/06\/05.jpg\" class=\"attachment-full size-full\" alt=\"\" srcset=\"https:\/\/academiarevigoradynamic.com.br\/wp-content\/uploads\/2025\/06\/05.jpg 1200w, https:\/\/academiarevigoradynamic.com.br\/wp-content\/uploads\/2025\/06\/05-300x200.jpg 300w, https:\/\/academiarevigoradynamic.com.br\/wp-content\/uploads\/2025\/06\/05-1024x683.jpg 1024w, https:\/\/academiarevigoradynamic.com.br\/wp-content\/uploads\/2025\/06\/05-768x512.jpg 768w\" sizes=\"(max-width: 1200px) 100vw, 1200px\" \/><\/a>\n\t\t\t<\/div><\/figure><figure class='gallery-item'>\n\t\t\t<div class='gallery-icon landscape'>\n\t\t\t\t<a data-elementor-open-lightbox=\"yes\" data-elementor-lightbox-slideshow=\"f5a86cb\" data-elementor-lightbox-title=\"06\" data-e-action-hash=\"#elementor-action%3Aaction%3Dlightbox%26settings%3DeyJpZCI6MTY4LCJ1cmwiOiJodHRwczpcL1wvYWNhZGVtaWFyZXZpZ29yYWR5bmFtaWMuY29tLmJyXC93cC1jb250ZW50XC91cGxvYWRzXC8yMDI1XC8wNlwvMDYuanBnIiwic2xpZGVzaG93IjoiZjVhODZjYiJ9\" href='https:\/\/academiarevigoradynamic.com.br\/wp-content\/uploads\/2025\/06\/06.jpg'><img loading=\"lazy\" decoding=\"async\" width=\"1200\" height=\"800\" src=\"https:\/\/academiarevigoradynamic.com.br\/wp-content\/uploads\/2025\/06\/06.jpg\" class=\"attachment-full size-full\" alt=\"\" srcset=\"https:\/\/academiarevigoradynamic.com.br\/wp-content\/uploads\/2025\/06\/06.jpg 1200w, https:\/\/academiarevigoradynamic.com.br\/wp-content\/uploads\/2025\/06\/06-300x200.jpg 300w, https:\/\/academiarevigoradynamic.com.br\/wp-content\/uploads\/2025\/06\/06-1024x683.jpg 1024w, https:\/\/academiarevigoradynamic.com.br\/wp-content\/uploads\/2025\/06\/06-768x512.jpg 768w\" sizes=\"(max-width: 1200px) 100vw, 1200px\" \/><\/a>\n\t\t\t<\/div><\/figure>\n\t\t<\/div>\n\t\t<\/div>\n\t\t\t\t\t\t<\/div>\n\t\t\t\t<\/div>\n\t\t\t\t<\/div>\n\t\t\t\t<\/div>\n\t\t","protected":false},"excerpt":{"rendered":"<p>Modalidades Modalidades Hidrogin\u00e1stica Movimente-se com leveza, energia e prote\u00e7\u00e3o para as articula\u00e7\u00f5es.A Hidrogin\u00e1stica \u00e9 uma atividade aer\u00f3bica realizada na piscina, ideal para quem busca condicionamento f\u00edsico com baixo impacto. As aulas acontecem em grupo, com m\u00fasica, dinamismo e orienta\u00e7\u00e3o profissional. Mais do que um exerc\u00edcio, \u00e9 uma forma divertida e segura de cuidar do corpo. [&hellip;]<\/p>\n","protected":false},"author":1,"featured_media":0,"parent":0,"menu_order":0,"comment_status":"closed","ping_status":"closed","template":"elementor_header_footer","meta":{"footnotes":""},"class_list":["post-302","page","type-page","status-publish","hentry"],"_links":{"self":[{"href":"https:\/\/academiarevigoradynamic.com.br\/index.php\/wp-json\/wp\/v2\/pages\/302","targetHints":{"allow":["GET"]}}],"collection":[{"href":"https:\/\/academiarevigoradynamic.com.br\/index.php\/wp-json\/wp\/v2\/pages"}],"about":[{"href":"https:\/\/academiarevigoradynamic.com.br\/index.php\/wp-json\/wp\/v2\/types\/page"}],"author":[{"embeddable":true,"href":"https:\/\/academiarevigoradynamic.com.br\/index.php\/wp-json\/wp\/v2\/users\/1"}],"replies":[{"embeddable":true,"href":"https:\/\/academiarevigoradynamic.com.br\/index.php\/wp-json\/wp\/v2\/comments?post=302"}],"version-history":[{"count":10,"href":"https:\/\/academiarevigoradynamic.com.br\/index.php\/wp-json\/wp\/v2\/pages\/302\/revisions"}],"predecessor-version":[{"id":584,"href":"https:\/\/academiarevigoradynamic.com.br\/index.php\/wp-json\/wp\/v2\/pages\/302\/revisions\/584"}],"wp:attachment":[{"href":"https:\/\/academiarevigoradynamic.com.br\/index.php\/wp-json\/wp\/v2\/media?parent=302"}],"curies":[{"name":"wp","href":"https:\/\/api.w.org\/{rel}","templated":true}]}}