{"id":241,"date":"2025-06-18T12:33:51","date_gmt":"2025-06-18T12:33:51","guid":{"rendered":"https:\/\/academiarevigoradynamic.com.br\/?page_id=241"},"modified":"2026-04-01T19:30:13","modified_gmt":"2026-04-01T19:30:13","slug":"promocao","status":"publish","type":"page","link":"https:\/\/academiarevigoradynamic.com.br\/index.php\/promocao\/","title":{"rendered":"promocao"},"content":{"rendered":"\t\t<div data-elementor-type=\"wp-page\" data-elementor-id=\"241\" class=\"elementor elementor-241\">\n\t\t\t\t<div class=\"elementor-element elementor-element-fec2076 e-con-full elementor-hidden-mobile e-flex e-con e-parent\" data-id=\"fec2076\" data-element_type=\"container\" data-settings=\"{&quot;background_background&quot;:&quot;classic&quot;}\">\n\t\t\t\t<div class=\"elementor-element elementor-element-07ebf91 elementor-widget elementor-widget-spacer\" data-id=\"07ebf91\" data-element_type=\"widget\" data-widget_type=\"spacer.default\">\n\t\t\t\t<div class=\"elementor-widget-container\">\n\t\t\t\t\t\t\t<div class=\"elementor-spacer\">\n\t\t\t<div class=\"elementor-spacer-inner\"><\/div>\n\t\t<\/div>\n\t\t\t\t\t\t<\/div>\n\t\t\t\t<\/div>\n\t\t\t\t<div class=\"elementor-element elementor-element-6252113 elementor-widget elementor-widget-heading\" data-id=\"6252113\" data-element_type=\"widget\" data-widget_type=\"heading.default\">\n\t\t\t\t<div class=\"elementor-widget-container\">\n\t\t\t\t\t<h2 class=\"elementor-heading-title elementor-size-default\">Oferta exclusiva<\/h2>\t\t\t\t<\/div>\n\t\t\t\t<\/div>\n\t\t\t\t<div class=\"elementor-element elementor-element-0eaad8d elementor-widget elementor-widget-spacer\" data-id=\"0eaad8d\" data-element_type=\"widget\" data-widget_type=\"spacer.default\">\n\t\t\t\t<div class=\"elementor-widget-container\">\n\t\t\t\t\t\t\t<div class=\"elementor-spacer\">\n\t\t\t<div class=\"elementor-spacer-inner\"><\/div>\n\t\t<\/div>\n\t\t\t\t\t\t<\/div>\n\t\t\t\t<\/div>\n\t\t\t\t<\/div>\n\t\t<div class=\"elementor-element elementor-element-1754203 e-con-full elementor-hidden-desktop elementor-hidden-tablet e-flex e-con e-parent\" data-id=\"1754203\" data-element_type=\"container\" data-settings=\"{&quot;background_background&quot;:&quot;classic&quot;}\">\n\t\t\t\t<div class=\"elementor-element elementor-element-fa5e0a9 elementor-widget elementor-widget-spacer\" data-id=\"fa5e0a9\" data-element_type=\"widget\" data-widget_type=\"spacer.default\">\n\t\t\t\t<div class=\"elementor-widget-container\">\n\t\t\t\t\t\t\t<div class=\"elementor-spacer\">\n\t\t\t<div class=\"elementor-spacer-inner\"><\/div>\n\t\t<\/div>\n\t\t\t\t\t\t<\/div>\n\t\t\t\t<\/div>\n\t\t\t\t<div class=\"elementor-element elementor-element-49662b4 elementor-widget elementor-widget-heading\" data-id=\"49662b4\" data-element_type=\"widget\" data-widget_type=\"heading.default\">\n\t\t\t\t<div class=\"elementor-widget-container\">\n\t\t\t\t\t<h2 class=\"elementor-heading-title elementor-size-default\">Oferta exclusiva<\/h2>\t\t\t\t<\/div>\n\t\t\t\t<\/div>\n\t\t\t\t<div class=\"elementor-element elementor-element-90ca3a4 elementor-widget elementor-widget-spacer\" data-id=\"90ca3a4\" data-element_type=\"widget\" data-widget_type=\"spacer.default\">\n\t\t\t\t<div class=\"elementor-widget-container\">\n\t\t\t\t\t\t\t<div class=\"elementor-spacer\">\n\t\t\t<div class=\"elementor-spacer-inner\"><\/div>\n\t\t<\/div>\n\t\t\t\t\t\t<\/div>\n\t\t\t\t<\/div>\n\t\t\t\t<\/div>\n\t\t<div class=\"elementor-element elementor-element-bc07ca5 e-flex e-con-boxed e-con e-parent\" data-id=\"bc07ca5\" data-element_type=\"container\" data-settings=\"{&quot;background_background&quot;:&quot;classic&quot;}\">\n\t\t\t\t\t<div class=\"e-con-inner\">\n\t\t<div class=\"elementor-element elementor-element-f4371c0 e-con-full e-flex e-con e-child\" data-id=\"f4371c0\" data-element_type=\"container\">\n\t\t\t\t<div class=\"elementor-element elementor-element-eed3074 elementor-widget elementor-widget-spacer\" data-id=\"eed3074\" data-element_type=\"widget\" data-widget_type=\"spacer.default\">\n\t\t\t\t<div class=\"elementor-widget-container\">\n\t\t\t\t\t\t\t<div class=\"elementor-spacer\">\n\t\t\t<div class=\"elementor-spacer-inner\"><\/div>\n\t\t<\/div>\n\t\t\t\t\t\t<\/div>\n\t\t\t\t<\/div>\n\t\t\t\t<div class=\"elementor-element elementor-element-a6a5bd7 elementor-widget elementor-widget-heading\" data-id=\"a6a5bd7\" data-element_type=\"widget\" data-widget_type=\"heading.default\">\n\t\t\t\t<div class=\"elementor-widget-container\">\n\t\t\t\t\t<h2 class=\"elementor-heading-title elementor-size-default\">oferta de p\u00e1scoa <\/h2>\t\t\t\t<\/div>\n\t\t\t\t<\/div>\n\t\t\t\t<div class=\"elementor-element elementor-element-58bfbe2 elementor-widget elementor-widget-text-editor\" data-id=\"58bfbe2\" data-element_type=\"widget\" data-widget_type=\"text-editor.default\">\n\t\t\t\t<div class=\"elementor-widget-container\">\n\t\t\t\t\t\t\t\t\t<p class=\"p1\">Aproveite o nosso m\u00eas especial para renovar suas energias e conquistar o corpo e a sa\u00fade que voc\u00ea sempre desejou com benef\u00edcios \u00fanicos! \ud83d\udcaa\ud83d\udc96\u00a0<\/p><p class=\"p1\">\ud83c\udfaf <b>Feche seu plano anual<\/b> e aproveite:<br \/>\u2714\ufe0f <b>50% de desconto na taxa de matr\u00edcula<\/b><br \/>\u2714\ufe0f <b>Par de ingressos para o cinema<\/b><br \/>\u2714\ufe0f <b>Bolsa t\u00e9rmica exclusiva<\/b><br \/>\u2714\ufe0f <b>Cashback<\/b> para usar ou presentear um(a) amigo(a) fechar um plano anual.<\/p><p class=\"p1\">Planos completos para voc\u00ea treinar do seu jeito:<br \/>\ud83c\udfcb\ufe0f Muscula\u00e7\u00e3o, gin\u00e1stica e dan\u00e7a<br \/>\ud83c\udfca Nata\u00e7\u00e3o e hidrogin\u00e1stica<br \/>\u23f0 Dias e hor\u00e1rios livres<\/p><p class=\"p1\">N\u00e3o adie mais a sua melhor vers\u00e3o.<\/p><p class=\"p1\"><span class=\"s1\">\ud83d\udc49<strong>Comece hoje. E aproveite essa oferta.<\/strong><\/span><\/p>\t\t\t\t\t\t\t\t<\/div>\n\t\t\t\t<\/div>\n\t\t\t\t<div class=\"elementor-element elementor-element-15833fd elementor-align-center elementor-widget elementor-widget-button\" data-id=\"15833fd\" data-element_type=\"widget\" data-widget_type=\"button.default\">\n\t\t\t\t<div class=\"elementor-widget-container\">\n\t\t\t\t\t\t\t\t\t<div class=\"elementor-button-wrapper\">\n\t\t\t\t\t<a class=\"elementor-button elementor-button-link elementor-size-sm\" href=\"https:\/\/academiarevigoradynamic.com.br\/index.php\/freepass\/\">\n\t\t\t\t\t\t<span class=\"elementor-button-content-wrapper\">\n\t\t\t\t\t\t\t\t\t<span class=\"elementor-button-text\">SAIBA MAIS!<\/span>\n\t\t\t\t\t<\/span>\n\t\t\t\t\t<\/a>\n\t\t\t\t<\/div>\n\t\t\t\t\t\t\t\t<\/div>\n\t\t\t\t<\/div>\n\t\t\t\t<\/div>\n\t\t<div class=\"elementor-element elementor-element-98e5760 e-con-full e-flex e-con e-child\" data-id=\"98e5760\" data-element_type=\"container\">\n\t\t\t\t<div class=\"elementor-element elementor-element-7d23684 elementor-widget elementor-widget-image\" data-id=\"7d23684\" data-element_type=\"widget\" data-widget_type=\"image.default\">\n\t\t\t\t<div class=\"elementor-widget-container\">\n\t\t\t\t\t\t\t\t\t\t\t\t\t\t\t<img fetchpriority=\"high\" decoding=\"async\" width=\"1080\" height=\"1350\" src=\"https:\/\/academiarevigoradynamic.com.br\/wp-content\/uploads\/2026\/04\/Banner-Site-Revigora-dynamic-pascoa.png\" class=\"attachment-full size-full wp-image-769\" alt=\"\" srcset=\"https:\/\/academiarevigoradynamic.com.br\/wp-content\/uploads\/2026\/04\/Banner-Site-Revigora-dynamic-pascoa.png 1080w, https:\/\/academiarevigoradynamic.com.br\/wp-content\/uploads\/2026\/04\/Banner-Site-Revigora-dynamic-pascoa-240x300.png 240w, https:\/\/academiarevigoradynamic.com.br\/wp-content\/uploads\/2026\/04\/Banner-Site-Revigora-dynamic-pascoa-819x1024.png 819w, https:\/\/academiarevigoradynamic.com.br\/wp-content\/uploads\/2026\/04\/Banner-Site-Revigora-dynamic-pascoa-768x960.png 768w\" sizes=\"(max-width: 1080px) 100vw, 1080px\" \/>\t\t\t\t\t\t\t\t\t\t\t\t\t\t\t<\/div>\n\t\t\t\t<\/div>\n\t\t\t\t<\/div>\n\t\t\t\t\t<\/div>\n\t\t\t\t<\/div>\n\t\t<div class=\"elementor-element elementor-element-0ca0ae4 e-flex e-con-boxed e-con e-parent\" data-id=\"0ca0ae4\" data-element_type=\"container\" data-settings=\"{&quot;background_background&quot;:&quot;classic&quot;}\">\n\t\t\t\t\t<div class=\"e-con-inner\">\n\t\t\t\t<div class=\"elementor-element elementor-element-e9fd8b1 elementor-widget elementor-widget-spacer\" data-id=\"e9fd8b1\" data-element_type=\"widget\" data-widget_type=\"spacer.default\">\n\t\t\t\t<div class=\"elementor-widget-container\">\n\t\t\t\t\t\t\t<div class=\"elementor-spacer\">\n\t\t\t<div class=\"elementor-spacer-inner\"><\/div>\n\t\t<\/div>\n\t\t\t\t\t\t<\/div>\n\t\t\t\t<\/div>\n\t\t\t\t<div class=\"elementor-element elementor-element-61b4a70 elementor-widget elementor-widget-heading\" data-id=\"61b4a70\" data-element_type=\"widget\" data-widget_type=\"heading.default\">\n\t\t\t\t<div class=\"elementor-widget-container\">\n\t\t\t\t\t<h2 class=\"elementor-heading-title elementor-size-default\">MODALIDADES<\/h2>\t\t\t\t<\/div>\n\t\t\t\t<\/div>\n\t\t<div class=\"elementor-element elementor-element-32a2eb7 e-con-full e-flex e-con e-child\" data-id=\"32a2eb7\" data-element_type=\"container\" data-settings=\"{&quot;background_background&quot;:&quot;classic&quot;}\">\n\t\t\t\t<div class=\"elementor-element elementor-element-a0e4f5e elementor-widget elementor-widget-html\" data-id=\"a0e4f5e\" data-element_type=\"widget\" data-widget_type=\"html.default\">\n\t\t\t\t<div class=\"elementor-widget-container\">\n\t\t\t\t\t<script>\n  'use strict';\n  document.addEventListener('DOMContentLoaded', function () {\n    var filteredImages = document.querySelectorAll('.swiper-slide');\n\n    var links = [\n      'https:\/\/academiarevigoradynamic.com.br\/index.php\/ginastica\/',\n      'https:\/\/academiarevigoradynamic.com.br\/index.php\/natacao-infantil\/',\n      'https:\/\/academiarevigoradynamic.com.br\/index.php\/treino-funcional\/',\n      'https:\/\/academiarevigoradynamic.com.br\/index.php\/zumba\/',\n      'https:\/\/academiarevigoradynamic.com.br\/index.php\/musculacao\/',\n      'https:\/\/academiarevigoradynamic.com.br\/index.php\/hidroginastica\/',\n      'https:\/\/academiarevigoradynamic.com.br\/index.php\/pilates\/',\n      'https:\/\/academiarevigoradynamic.com.br\/index.php\/natacao-adultos\/',\n      'https:\/\/academiarevigoradynamic.com.br\/index.php\/fit-dance\/',\n      'https:\/\/academiarevigoradynamic.com.br\/index.php\/gap\/',\n      'https:\/\/academiarevigoradynamic.com.br\/index.php\/jump\/',\n      'https:\/\/academiarevigoradynamic.com.br\/index.php\/alongamento\/'\n    ];\n\n    filteredImages.forEach(function (slide, index) {\n      if (links[index]) {\n        slide.addEventListener('click', function () {\n          window.location.href = links[index]; \/\/ Redireciona na mesma aba\n        });\n      }\n    });\n  });\n<\/script>\n\n<style>\n  .swiper-slide {\n    cursor: pointer;\n  }\n<\/style>\n\t\t\t\t<\/div>\n\t\t\t\t<\/div>\n\t\t\t\t<div class=\"elementor-element elementor-element-8080bc2 elementor-pagination-position-inside elementor-arrows-position-inside elementor-widget elementor-widget-image-carousel\" data-id=\"8080bc2\" data-element_type=\"widget\" data-settings=\"{&quot;slides_to_show&quot;:&quot;4&quot;,&quot;navigation&quot;:&quot;both&quot;,&quot;autoplay&quot;:&quot;yes&quot;,&quot;pause_on_hover&quot;:&quot;yes&quot;,&quot;pause_on_interaction&quot;:&quot;yes&quot;,&quot;autoplay_speed&quot;:5000,&quot;infinite&quot;:&quot;yes&quot;,&quot;speed&quot;:500}\" data-widget_type=\"image-carousel.default\">\n\t\t\t\t<div class=\"elementor-widget-container\">\n\t\t\t\t\t\t\t<div class=\"elementor-image-carousel-wrapper swiper\" role=\"region\" aria-roledescription=\"carousel\" aria-label=\"Carrossel de imagens\" dir=\"ltr\">\n\t\t\t<div class=\"elementor-image-carousel swiper-wrapper\" aria-live=\"off\">\n\t\t\t\t\t\t\t\t<div class=\"swiper-slide\" role=\"group\" aria-roledescription=\"slide\" aria-label=\"1 de 12\"><figure class=\"swiper-slide-inner\"><img decoding=\"async\" class=\"swiper-slide-image\" src=\"https:\/\/academiarevigoradynamic.com.br\/wp-content\/uploads\/2025\/06\/ginastica.png\" alt=\"ginastica\" \/><\/figure><\/div><div class=\"swiper-slide\" role=\"group\" aria-roledescription=\"slide\" aria-label=\"2 de 12\"><figure class=\"swiper-slide-inner\"><img decoding=\"async\" class=\"swiper-slide-image\" src=\"https:\/\/academiarevigoradynamic.com.br\/wp-content\/uploads\/2025\/06\/Natacao-Kids.png\" alt=\"Natac\u0327a\u0303o Kids\" \/><\/figure><\/div><div class=\"swiper-slide\" role=\"group\" aria-roledescription=\"slide\" aria-label=\"3 de 12\"><figure class=\"swiper-slide-inner\"><img decoding=\"async\" class=\"swiper-slide-image\" src=\"https:\/\/academiarevigoradynamic.com.br\/wp-content\/uploads\/2025\/06\/Funcional.png\" alt=\"Funcional\" \/><\/figure><\/div><div class=\"swiper-slide\" role=\"group\" aria-roledescription=\"slide\" aria-label=\"4 de 12\"><figure class=\"swiper-slide-inner\"><img decoding=\"async\" class=\"swiper-slide-image\" src=\"https:\/\/academiarevigoradynamic.com.br\/wp-content\/uploads\/2025\/06\/zumba.png\" alt=\"zumba\" \/><\/figure><\/div><div class=\"swiper-slide\" role=\"group\" aria-roledescription=\"slide\" aria-label=\"5 de 12\"><figure class=\"swiper-slide-inner\"><img decoding=\"async\" class=\"swiper-slide-image\" src=\"https:\/\/academiarevigoradynamic.com.br\/wp-content\/uploads\/2025\/06\/musculacao.png\" alt=\"musculac\u0327a\u0303o\" \/><\/figure><\/div><div class=\"swiper-slide\" role=\"group\" aria-roledescription=\"slide\" aria-label=\"6 de 12\"><figure class=\"swiper-slide-inner\"><img decoding=\"async\" class=\"swiper-slide-image\" src=\"https:\/\/academiarevigoradynamic.com.br\/wp-content\/uploads\/2025\/06\/Hidroginastica.png\" alt=\"Hidrogina\u0301stica\" \/><\/figure><\/div><div class=\"swiper-slide\" role=\"group\" aria-roledescription=\"slide\" aria-label=\"7 de 12\"><figure class=\"swiper-slide-inner\"><img decoding=\"async\" class=\"swiper-slide-image\" src=\"https:\/\/academiarevigoradynamic.com.br\/wp-content\/uploads\/2025\/06\/Pilates.png\" alt=\"Pilates\" \/><\/figure><\/div><div class=\"swiper-slide\" role=\"group\" aria-roledescription=\"slide\" aria-label=\"8 de 12\"><figure class=\"swiper-slide-inner\"><img decoding=\"async\" class=\"swiper-slide-image\" src=\"https:\/\/academiarevigoradynamic.com.br\/wp-content\/uploads\/2025\/06\/Natacao-adultos.png\" alt=\"Natac\u0327a\u0303o adultos\" \/><\/figure><\/div><div class=\"swiper-slide\" role=\"group\" aria-roledescription=\"slide\" aria-label=\"9 de 12\"><figure class=\"swiper-slide-inner\"><img decoding=\"async\" class=\"swiper-slide-image\" src=\"https:\/\/academiarevigoradynamic.com.br\/wp-content\/uploads\/2025\/06\/fi-dance.png\" alt=\"fi dance\" \/><\/figure><\/div><div class=\"swiper-slide\" role=\"group\" aria-roledescription=\"slide\" aria-label=\"10 de 12\"><figure class=\"swiper-slide-inner\"><img decoding=\"async\" class=\"swiper-slide-image\" src=\"https:\/\/academiarevigoradynamic.com.br\/wp-content\/uploads\/2025\/06\/gap.png\" alt=\"gap\" \/><\/figure><\/div><div class=\"swiper-slide\" role=\"group\" aria-roledescription=\"slide\" aria-label=\"11 de 12\"><figure class=\"swiper-slide-inner\"><img decoding=\"async\" class=\"swiper-slide-image\" src=\"https:\/\/academiarevigoradynamic.com.br\/wp-content\/uploads\/2025\/06\/Jump.png\" alt=\"Jump\" \/><\/figure><\/div><div class=\"swiper-slide\" role=\"group\" aria-roledescription=\"slide\" aria-label=\"12 de 12\"><figure class=\"swiper-slide-inner\"><img decoding=\"async\" class=\"swiper-slide-image\" src=\"https:\/\/academiarevigoradynamic.com.br\/wp-content\/uploads\/2025\/06\/alongamento.png\" alt=\"alongamento\" \/><\/figure><\/div>\t\t\t<\/div>\n\t\t\t\t\t\t\t\t\t\t\t\t<div class=\"elementor-swiper-button elementor-swiper-button-prev\" role=\"button\" tabindex=\"0\">\n\t\t\t\t\t\t<svg aria-hidden=\"true\" class=\"e-font-icon-svg e-eicon-chevron-left\" viewBox=\"0 0 1000 1000\" xmlns=\"http:\/\/www.w3.org\/2000\/svg\"><path d=\"M646 125C629 125 613 133 604 142L308 442C296 454 292 471 292 487 292 504 296 521 308 533L604 854C617 867 629 875 646 875 663 875 679 871 692 858 704 846 713 829 713 812 713 796 708 779 692 767L438 487 692 225C700 217 708 204 708 187 708 171 704 154 692 142 675 129 663 125 646 125Z\"><\/path><\/svg>\t\t\t\t\t<\/div>\n\t\t\t\t\t<div class=\"elementor-swiper-button elementor-swiper-button-next\" role=\"button\" tabindex=\"0\">\n\t\t\t\t\t\t<svg aria-hidden=\"true\" class=\"e-font-icon-svg e-eicon-chevron-right\" viewBox=\"0 0 1000 1000\" xmlns=\"http:\/\/www.w3.org\/2000\/svg\"><path d=\"M696 533C708 521 713 504 713 487 713 471 708 454 696 446L400 146C388 133 375 125 354 125 338 125 325 129 313 142 300 154 292 171 292 187 292 204 296 221 308 233L563 492 304 771C292 783 288 800 288 817 288 833 296 850 308 863 321 871 338 875 354 875 371 875 388 867 400 854L696 533Z\"><\/path><\/svg>\t\t\t\t\t<\/div>\n\t\t\t\t\n\t\t\t\t\t\t\t\t\t<div class=\"swiper-pagination\"><\/div>\n\t\t\t\t\t\t\t\t\t<\/div>\n\t\t\t\t\t\t<\/div>\n\t\t\t\t<\/div>\n\t\t\t\t<\/div>\n\t\t\t\t\t<\/div>\n\t\t\t\t<\/div>\n\t\t<div class=\"elementor-element elementor-element-d8d35b0 e-flex e-con-boxed e-con e-parent\" data-id=\"d8d35b0\" data-element_type=\"container\" data-settings=\"{&quot;background_background&quot;:&quot;classic&quot;}\">\n\t\t\t\t\t<div class=\"e-con-inner\">\n\t\t\t\t<div class=\"elementor-element elementor-element-b7d2ec5 elementor-widget elementor-widget-spacer\" data-id=\"b7d2ec5\" data-element_type=\"widget\" data-widget_type=\"spacer.default\">\n\t\t\t\t<div class=\"elementor-widget-container\">\n\t\t\t\t\t\t\t<div class=\"elementor-spacer\">\n\t\t\t<div class=\"elementor-spacer-inner\"><\/div>\n\t\t<\/div>\n\t\t\t\t\t\t<\/div>\n\t\t\t\t<\/div>\n\t\t\t\t\t<\/div>\n\t\t\t\t<\/div>\n\t\t<div class=\"elementor-element elementor-element-7c362e5 e-con-full e-flex e-con e-parent\" data-id=\"7c362e5\" data-element_type=\"container\" data-settings=\"{&quot;background_background&quot;:&quot;classic&quot;}\">\n\t\t\t\t<div class=\"elementor-element elementor-element-f5a86cb gallery-spacing-custom elementor-widget__width-inherit elementor-widget elementor-widget-image-gallery\" data-id=\"f5a86cb\" data-element_type=\"widget\" data-widget_type=\"image-gallery.default\">\n\t\t\t\t<div class=\"elementor-widget-container\">\n\t\t\t\t\t\t\t<div class=\"elementor-image-gallery\">\n\t\t\t<div id='gallery-1' class='gallery galleryid-241 gallery-columns-3 gallery-size-full'><figure class='gallery-item'>\n\t\t\t<div class='gallery-icon landscape'>\n\t\t\t\t<a data-elementor-open-lightbox=\"yes\" data-elementor-lightbox-slideshow=\"f5a86cb\" data-elementor-lightbox-title=\"01\" data-e-action-hash=\"#elementor-action%3Aaction%3Dlightbox%26settings%3DeyJpZCI6MTYzLCJ1cmwiOiJodHRwczpcL1wvYWNhZGVtaWFyZXZpZ29yYWR5bmFtaWMuY29tLmJyXC93cC1jb250ZW50XC91cGxvYWRzXC8yMDI1XC8wNlwvMDEuanBnIiwic2xpZGVzaG93IjoiZjVhODZjYiJ9\" href='https:\/\/academiarevigoradynamic.com.br\/wp-content\/uploads\/2025\/06\/01.jpg'><img decoding=\"async\" width=\"1200\" height=\"800\" src=\"https:\/\/academiarevigoradynamic.com.br\/wp-content\/uploads\/2025\/06\/01.jpg\" class=\"attachment-full size-full\" alt=\"\" srcset=\"https:\/\/academiarevigoradynamic.com.br\/wp-content\/uploads\/2025\/06\/01.jpg 1200w, https:\/\/academiarevigoradynamic.com.br\/wp-content\/uploads\/2025\/06\/01-300x200.jpg 300w, https:\/\/academiarevigoradynamic.com.br\/wp-content\/uploads\/2025\/06\/01-1024x683.jpg 1024w, https:\/\/academiarevigoradynamic.com.br\/wp-content\/uploads\/2025\/06\/01-768x512.jpg 768w\" sizes=\"(max-width: 1200px) 100vw, 1200px\" \/><\/a>\n\t\t\t<\/div><\/figure><figure class='gallery-item'>\n\t\t\t<div class='gallery-icon landscape'>\n\t\t\t\t<a data-elementor-open-lightbox=\"yes\" data-elementor-lightbox-slideshow=\"f5a86cb\" data-elementor-lightbox-title=\"02\" data-e-action-hash=\"#elementor-action%3Aaction%3Dlightbox%26settings%3DeyJpZCI6MTY0LCJ1cmwiOiJodHRwczpcL1wvYWNhZGVtaWFyZXZpZ29yYWR5bmFtaWMuY29tLmJyXC93cC1jb250ZW50XC91cGxvYWRzXC8yMDI1XC8wNlwvMDIuanBnIiwic2xpZGVzaG93IjoiZjVhODZjYiJ9\" href='https:\/\/academiarevigoradynamic.com.br\/wp-content\/uploads\/2025\/06\/02.jpg'><img decoding=\"async\" width=\"1200\" height=\"800\" src=\"https:\/\/academiarevigoradynamic.com.br\/wp-content\/uploads\/2025\/06\/02.jpg\" class=\"attachment-full size-full\" alt=\"\" srcset=\"https:\/\/academiarevigoradynamic.com.br\/wp-content\/uploads\/2025\/06\/02.jpg 1200w, https:\/\/academiarevigoradynamic.com.br\/wp-content\/uploads\/2025\/06\/02-300x200.jpg 300w, https:\/\/academiarevigoradynamic.com.br\/wp-content\/uploads\/2025\/06\/02-1024x683.jpg 1024w, https:\/\/academiarevigoradynamic.com.br\/wp-content\/uploads\/2025\/06\/02-768x512.jpg 768w\" sizes=\"(max-width: 1200px) 100vw, 1200px\" \/><\/a>\n\t\t\t<\/div><\/figure><figure class='gallery-item'>\n\t\t\t<div class='gallery-icon landscape'>\n\t\t\t\t<a data-elementor-open-lightbox=\"yes\" data-elementor-lightbox-slideshow=\"f5a86cb\" data-elementor-lightbox-title=\"03\" data-e-action-hash=\"#elementor-action%3Aaction%3Dlightbox%26settings%3DeyJpZCI6MTY1LCJ1cmwiOiJodHRwczpcL1wvYWNhZGVtaWFyZXZpZ29yYWR5bmFtaWMuY29tLmJyXC93cC1jb250ZW50XC91cGxvYWRzXC8yMDI1XC8wNlwvMDMuanBnIiwic2xpZGVzaG93IjoiZjVhODZjYiJ9\" href='https:\/\/academiarevigoradynamic.com.br\/wp-content\/uploads\/2025\/06\/03.jpg'><img loading=\"lazy\" decoding=\"async\" width=\"1200\" height=\"800\" src=\"https:\/\/academiarevigoradynamic.com.br\/wp-content\/uploads\/2025\/06\/03.jpg\" class=\"attachment-full size-full\" alt=\"\" srcset=\"https:\/\/academiarevigoradynamic.com.br\/wp-content\/uploads\/2025\/06\/03.jpg 1200w, https:\/\/academiarevigoradynamic.com.br\/wp-content\/uploads\/2025\/06\/03-300x200.jpg 300w, https:\/\/academiarevigoradynamic.com.br\/wp-content\/uploads\/2025\/06\/03-1024x683.jpg 1024w, https:\/\/academiarevigoradynamic.com.br\/wp-content\/uploads\/2025\/06\/03-768x512.jpg 768w\" sizes=\"(max-width: 1200px) 100vw, 1200px\" \/><\/a>\n\t\t\t<\/div><\/figure><figure class='gallery-item'>\n\t\t\t<div class='gallery-icon landscape'>\n\t\t\t\t<a data-elementor-open-lightbox=\"yes\" data-elementor-lightbox-slideshow=\"f5a86cb\" data-elementor-lightbox-title=\"04\" data-e-action-hash=\"#elementor-action%3Aaction%3Dlightbox%26settings%3DeyJpZCI6MTY2LCJ1cmwiOiJodHRwczpcL1wvYWNhZGVtaWFyZXZpZ29yYWR5bmFtaWMuY29tLmJyXC93cC1jb250ZW50XC91cGxvYWRzXC8yMDI1XC8wNlwvMDQuanBnIiwic2xpZGVzaG93IjoiZjVhODZjYiJ9\" href='https:\/\/academiarevigoradynamic.com.br\/wp-content\/uploads\/2025\/06\/04.jpg'><img loading=\"lazy\" decoding=\"async\" width=\"1200\" height=\"800\" src=\"https:\/\/academiarevigoradynamic.com.br\/wp-content\/uploads\/2025\/06\/04.jpg\" class=\"attachment-full size-full\" alt=\"\" srcset=\"https:\/\/academiarevigoradynamic.com.br\/wp-content\/uploads\/2025\/06\/04.jpg 1200w, https:\/\/academiarevigoradynamic.com.br\/wp-content\/uploads\/2025\/06\/04-300x200.jpg 300w, https:\/\/academiarevigoradynamic.com.br\/wp-content\/uploads\/2025\/06\/04-1024x683.jpg 1024w, https:\/\/academiarevigoradynamic.com.br\/wp-content\/uploads\/2025\/06\/04-768x512.jpg 768w\" sizes=\"(max-width: 1200px) 100vw, 1200px\" \/><\/a>\n\t\t\t<\/div><\/figure><figure class='gallery-item'>\n\t\t\t<div class='gallery-icon landscape'>\n\t\t\t\t<a data-elementor-open-lightbox=\"yes\" data-elementor-lightbox-slideshow=\"f5a86cb\" data-elementor-lightbox-title=\"05\" data-e-action-hash=\"#elementor-action%3Aaction%3Dlightbox%26settings%3DeyJpZCI6MTY3LCJ1cmwiOiJodHRwczpcL1wvYWNhZGVtaWFyZXZpZ29yYWR5bmFtaWMuY29tLmJyXC93cC1jb250ZW50XC91cGxvYWRzXC8yMDI1XC8wNlwvMDUuanBnIiwic2xpZGVzaG93IjoiZjVhODZjYiJ9\" href='https:\/\/academiarevigoradynamic.com.br\/wp-content\/uploads\/2025\/06\/05.jpg'><img loading=\"lazy\" decoding=\"async\" width=\"1200\" height=\"800\" src=\"https:\/\/academiarevigoradynamic.com.br\/wp-content\/uploads\/2025\/06\/05.jpg\" class=\"attachment-full size-full\" alt=\"\" srcset=\"https:\/\/academiarevigoradynamic.com.br\/wp-content\/uploads\/2025\/06\/05.jpg 1200w, https:\/\/academiarevigoradynamic.com.br\/wp-content\/uploads\/2025\/06\/05-300x200.jpg 300w, https:\/\/academiarevigoradynamic.com.br\/wp-content\/uploads\/2025\/06\/05-1024x683.jpg 1024w, https:\/\/academiarevigoradynamic.com.br\/wp-content\/uploads\/2025\/06\/05-768x512.jpg 768w\" sizes=\"(max-width: 1200px) 100vw, 1200px\" \/><\/a>\n\t\t\t<\/div><\/figure><figure class='gallery-item'>\n\t\t\t<div class='gallery-icon landscape'>\n\t\t\t\t<a data-elementor-open-lightbox=\"yes\" data-elementor-lightbox-slideshow=\"f5a86cb\" data-elementor-lightbox-title=\"06\" data-e-action-hash=\"#elementor-action%3Aaction%3Dlightbox%26settings%3DeyJpZCI6MTY4LCJ1cmwiOiJodHRwczpcL1wvYWNhZGVtaWFyZXZpZ29yYWR5bmFtaWMuY29tLmJyXC93cC1jb250ZW50XC91cGxvYWRzXC8yMDI1XC8wNlwvMDYuanBnIiwic2xpZGVzaG93IjoiZjVhODZjYiJ9\" href='https:\/\/academiarevigoradynamic.com.br\/wp-content\/uploads\/2025\/06\/06.jpg'><img loading=\"lazy\" decoding=\"async\" width=\"1200\" height=\"800\" src=\"https:\/\/academiarevigoradynamic.com.br\/wp-content\/uploads\/2025\/06\/06.jpg\" class=\"attachment-full size-full\" alt=\"\" srcset=\"https:\/\/academiarevigoradynamic.com.br\/wp-content\/uploads\/2025\/06\/06.jpg 1200w, https:\/\/academiarevigoradynamic.com.br\/wp-content\/uploads\/2025\/06\/06-300x200.jpg 300w, https:\/\/academiarevigoradynamic.com.br\/wp-content\/uploads\/2025\/06\/06-1024x683.jpg 1024w, https:\/\/academiarevigoradynamic.com.br\/wp-content\/uploads\/2025\/06\/06-768x512.jpg 768w\" sizes=\"(max-width: 1200px) 100vw, 1200px\" \/><\/a>\n\t\t\t<\/div><\/figure>\n\t\t<\/div>\n\t\t<\/div>\n\t\t\t\t\t\t<\/div>\n\t\t\t\t<\/div>\n\t\t\t\t<\/div>\n\t\t\t\t<\/div>\n\t\t","protected":false},"excerpt":{"rendered":"<p>Oferta exclusiva Oferta exclusiva oferta de p\u00e1scoa Aproveite o nosso m\u00eas especial para renovar suas energias e conquistar o corpo e a sa\u00fade que voc\u00ea sempre desejou com benef\u00edcios \u00fanicos! \ud83d\udcaa\ud83d\udc96\u00a0 \ud83c\udfaf Feche seu plano anual e aproveite:\u2714\ufe0f 50% de desconto na taxa de matr\u00edcula\u2714\ufe0f Par de ingressos para o cinema\u2714\ufe0f Bolsa t\u00e9rmica exclusiva\u2714\ufe0f Cashback [&hellip;]<\/p>\n","protected":false},"author":1,"featured_media":0,"parent":0,"menu_order":0,"comment_status":"closed","ping_status":"closed","template":"elementor_header_footer","meta":{"footnotes":""},"class_list":["post-241","page","type-page","status-publish","hentry"],"_links":{"self":[{"href":"https:\/\/academiarevigoradynamic.com.br\/index.php\/wp-json\/wp\/v2\/pages\/241","targetHints":{"allow":["GET"]}}],"collection":[{"href":"https:\/\/academiarevigoradynamic.com.br\/index.php\/wp-json\/wp\/v2\/pages"}],"about":[{"href":"https:\/\/academiarevigoradynamic.com.br\/index.php\/wp-json\/wp\/v2\/types\/page"}],"author":[{"embeddable":true,"href":"https:\/\/academiarevigoradynamic.com.br\/index.php\/wp-json\/wp\/v2\/users\/1"}],"replies":[{"embeddable":true,"href":"https:\/\/academiarevigoradynamic.com.br\/index.php\/wp-json\/wp\/v2\/comments?post=241"}],"version-history":[{"count":67,"href":"https:\/\/academiarevigoradynamic.com.br\/index.php\/wp-json\/wp\/v2\/pages\/241\/revisions"}],"predecessor-version":[{"id":772,"href":"https:\/\/academiarevigoradynamic.com.br\/index.php\/wp-json\/wp\/v2\/pages\/241\/revisions\/772"}],"wp:attachment":[{"href":"https:\/\/academiarevigoradynamic.com.br\/index.php\/wp-json\/wp\/v2\/media?parent=241"}],"curies":[{"name":"wp","href":"https:\/\/api.w.org\/{rel}","templated":true}]}}